{"id":15116,"date":"2019-03-17T17:01:15","date_gmt":"2019-03-17T16:01:15","guid":{"rendered":"https:\/\/schule.grips-medien.de\/?page_id=15116"},"modified":"2025-01-08T17:26:59","modified_gmt":"2025-01-08T16:26:59","slug":"ogs","status":"publish","type":"page","link":"https:\/\/www.talschule.schulnetz.hamm.de\/wordpress\/ogs\/","title":{"rendered":"OGS"},"content":{"rendered":"\n<div class=\"wp-block-columns is-layout-flex wp-container-core-columns-is-layout-1 wp-block-columns-is-layout-flex\">\n<div class=\"wp-block-column is-layout-flow wp-block-column-is-layout-flow\">\n<p>Als Offene Ganztagsschule (OGS) bieten wir im Anschluss an die Unterrichtszeit ein umfangreiches und abwechslungsreiches Betreuungs- und F\u00f6rderangebot. Dabei kooperieren wir mir dem Tr\u00e4ger &#8222;Friedrich-Wilhelm-Stift-gGmbH&#8220;.<\/p>\n\n\n\n<div style=\"height:20px\" aria-hidden=\"true\" class=\"wp-block-spacer\"><\/div>\n\n\n\n<div class=\"wp-block-media-text is-stacked-on-mobile has-background\" style=\"background-color:#e1eff2\"><figure class=\"wp-block-media-text__media\"><img loading=\"lazy\" decoding=\"async\" width=\"512\" height=\"342\" src=\"https:\/\/www.talschule.schulnetz.hamm.de\/wordpress\/wp-content\/uploads\/2019\/05\/OGS-Raum-2.jpg\" alt=\"\" class=\"wp-image-15685 size-full\" srcset=\"https:\/\/www.talschule.schulnetz.hamm.de\/wordpress\/wp-content\/uploads\/2019\/05\/OGS-Raum-2.jpg 512w, https:\/\/www.talschule.schulnetz.hamm.de\/wordpress\/wp-content\/uploads\/2019\/05\/OGS-Raum-2-300x200.jpg 300w\" sizes=\"auto, (max-width: 512px) 100vw, 512px\" \/><\/figure><div class=\"wp-block-media-text__content\">\n<h2 class=\"wp-block-heading\">Die p\u00e4dagogische Idee.<\/h2>\n\n\n\n<div style=\"height:5px\" aria-hidden=\"true\" class=\"wp-block-spacer\"><\/div>\n\n\n\n<p>Bei der p\u00e4dagogischen Arbeit der OGS werden Bildung, Erziehung, individuelle F\u00f6rderung und Betreuung eng miteinander verkn\u00fcpft. Durch eine abwechslungsreiche Mittagsverpflegung, einen strukturierten Tagesablauf, umfangreiche Angebote aus den Bereichen Kultur, Spiel und Sport und p\u00e4dagogischen, festen Bezugspersonen sollen die Kinder in ihrer ganzheitlichen Entwicklung gef\u00f6rdert werden.<\/p>\n<\/div><\/div>\n<\/div>\n<\/div>\n\n\n\n<div style=\"height:38px\" aria-hidden=\"true\" class=\"wp-block-spacer\"><\/div>\n\n\n\n<div class=\"wp-block-columns alignwide is-layout-flex wp-container-core-columns-is-layout-2 wp-block-columns-is-layout-flex\" style=\"margin-bottom:0\">\n<div class=\"wp-block-column has-text-color has-background has-link-color wp-elements-2f403cc621fb41f2c7826c7fdd95945c is-layout-flow wp-block-column-is-layout-flow\" style=\"color:#000000;background-color:#e1eff2;padding-top:2em;padding-right:2em;padding-bottom:2em;padding-left:2em\">\n<h2 class=\"wp-block-heading\" id=\"single\" style=\"font-size:25px\"><strong>Teilnahme<\/strong><\/h2>\n\n\n\n<hr class=\"wp-block-separator has-alpha-channel-opacity is-style-wide\"\/>\n\n\n\n<p>Kinder, die f\u00fcr die Offene Ganztagsschule angemeldet sind, k\u00f6nnen an den Angeboten teilnehmen.<\/p>\n\n\n\n<p>Die Anmeldung verpflichtet zur regelm\u00e4\u00dfigen Teilnahme f\u00fcr ein Schuljahr.<\/p>\n\n\n\n<p><\/p>\n<\/div>\n\n\n\n<div class=\"wp-block-column has-text-color has-background has-link-color wp-elements-e5768280198385012bed982dfbe13970 is-layout-flow wp-block-column-is-layout-flow\" style=\"color:#000000;background-color:#e1eff2;padding-top:2em;padding-right:2em;padding-bottom:2em;padding-left:2em\">\n<h2 class=\"wp-block-heading\" id=\"family\" style=\"font-size:25px\"><strong>Kosten<\/strong><\/h2>\n\n\n\n<hr class=\"wp-block-separator has-css-opacity is-style-wide\"\/>\n\n\n\n<p>F\u00fcr die Angebote der OGS muss ein monatlicher Beitrag gezahlt werden, der sich nach dem Einkommen der Erziehungsberechtigten richtet. Zus\u00e4tzlich wird ein Beitrag f\u00fcr das Mittagessen erhoben. Die Kosten f\u00fcr das Mittagessen k\u00f6nnen bei Familien, die die YouCard Hamm besitzen, reduziert werden.<\/p>\n<\/div>\n\n\n\n<div class=\"wp-block-column has-text-color has-background has-link-color wp-elements-f59f7d38f609d67e1b80a7b0e8405b17 is-layout-flow wp-block-column-is-layout-flow\" style=\"color:#000000;background-color:#e1eff2;padding-top:2em;padding-right:2em;padding-bottom:2em;padding-left:2em\">\n<h2 class=\"wp-block-heading\" id=\"patron\" style=\"font-size:25px\"><strong>Betreuungsformen<\/strong><\/h2>\n\n\n\n<hr class=\"wp-block-separator has-css-opacity is-style-wide\"\/>\n\n\n\n<p><strong>OGS<\/strong><br>An der OGS nehmen die Kinder mit Ausnahme der Schulferien von montags bis freitags bis 16&nbsp;Uhr, <strong>mindestens<\/strong> aber bis 15&nbsp;Uhr teil. Nur in dringenden Ausnahmef\u00e4llen ist eine Abholung zu einer anderen Abholzeit m\u00f6glich. Dazu muss eine Freistellung beantragt werden.<br><br><strong>\u00dcber-Mittag-Betreuung (\u00dcMI)<\/strong><br>Wenn Sie eine k\u00fcrzere und flexiblere Betreuungszeit ben\u00f6tigen, k\u00f6nnen Sie Ihr Kind f\u00fcr die &#8222;\u00dcber-Mittag-Betreuung&#8220; (bis maximal nach der 6. Unterrichtsstunde um 13.15 Uhr) anmelden. Dieses Angebot enth\u00e4lt keine Mittagsverpflegung.<\/p>\n<\/div>\n<\/div>\n\n\n\n<div style=\"height:48px\" aria-hidden=\"true\" class=\"wp-block-spacer\"><\/div>\n\n\n\n<h2 class=\"wp-block-heading\">Hausaufgaben<\/h2>\n\n\n\n<p>Die Kinder k\u00f6nnen in der OGS ihre Hausaufgaben erledigen und k\u00f6nnen mit Unterst\u00fctzung selbst entscheiden, wann sie sie im Tagesverlauf machen m\u00f6chten. Betreut werden sie dabei von den p\u00e4dagogischen Fachkr\u00e4ften der OGS und Lehrkr\u00e4ften in den Klassenr\u00e4umen. <br>Die Hausaufgabenbetreuung stellt keine Nachhilfe dar und die Eltern stehen in der Verantwortung, die Hausaufgaben auf Richtigkeit zu kontrollieren.<\/p>\n\n\n\n<div style=\"height:40px\" aria-hidden=\"true\" class=\"wp-block-spacer\"><\/div>\n\n\n\n<h2 class=\"wp-block-heading\">Mittagessen<\/h2>\n\n\n\n<p>Das Mittagessen wird t\u00e4glich von der Firma &#8222;Stattk\u00fcche&#8220; geliefert und bietet den Kindern ein abwechlungreiches und nahrhaftes Angebot. Die Kinder k\u00f6nnen im Tagesverlauf mit Unterst\u00fctzung selbst entscheiden, wann sie in den R\u00e4umlichkeiten der OGS essen m\u00f6chten.<\/p>\n\n\n\n<div style=\"height:40px\" aria-hidden=\"true\" class=\"wp-block-spacer\"><\/div>\n\n\n\n<h2 class=\"wp-block-heading\">Spielm\u00f6glichkeiten und Arbeitsgemeinschaften<\/h2>\n\n\n\n<p>Die Kinder haben im gesamten Tagesverlauf verschiedene Spielm\u00f6glichkeiten in den R\u00e4umlichkeiten der OGS und bei guter Wetterlage auf dem Schulhof. Zudem bieten verschiedene Arbeitsgemeinschaften aus den Bereichen Kultur, Spiel und Sport wie beispielsweise die N\u00e4h-, Back- oder Schwimm-AG ein abwechslungsreiches Programm.<\/p>\n","protected":false},"excerpt":{"rendered":"<p>Als Offene Ganztagsschule (OGS) bieten wir im Anschluss an die Unterrichtszeit ein umfangreiches und abwechslungsreiches Betreuungs- und F\u00f6rderangebot. Dabei kooperieren wir mir dem Tr\u00e4ger &#8222;Friedrich-Wilhelm-Stift-gGmbH&#8220;. Die p\u00e4dagogische Idee. Bei der &#8230;<\/p>\n","protected":false},"author":8,"featured_media":0,"parent":0,"menu_order":5,"comment_status":"closed","ping_status":"closed","template":"template-fullwidth.php","meta":{"footnotes":""},"class_list":["post-15116","page","type-page","status-publish","hentry"],"_links":{"self":[{"href":"https:\/\/www.talschule.schulnetz.hamm.de\/wordpress\/wp-json\/wp\/v2\/pages\/15116","targetHints":{"allow":["GET"]}}],"collection":[{"href":"https:\/\/www.talschule.schulnetz.hamm.de\/wordpress\/wp-json\/wp\/v2\/pages"}],"about":[{"href":"https:\/\/www.talschule.schulnetz.hamm.de\/wordpress\/wp-json\/wp\/v2\/types\/page"}],"author":[{"embeddable":true,"href":"https:\/\/www.talschule.schulnetz.hamm.de\/wordpress\/wp-json\/wp\/v2\/users\/8"}],"replies":[{"embeddable":true,"href":"https:\/\/www.talschule.schulnetz.hamm.de\/wordpress\/wp-json\/wp\/v2\/comments?post=15116"}],"version-history":[{"count":20,"href":"https:\/\/www.talschule.schulnetz.hamm.de\/wordpress\/wp-json\/wp\/v2\/pages\/15116\/revisions"}],"predecessor-version":[{"id":17862,"href":"https:\/\/www.talschule.schulnetz.hamm.de\/wordpress\/wp-json\/wp\/v2\/pages\/15116\/revisions\/17862"}],"wp:attachment":[{"href":"https:\/\/www.talschule.schulnetz.hamm.de\/wordpress\/wp-json\/wp\/v2\/media?parent=15116"}],"curies":[{"name":"wp","href":"https:\/\/api.w.org\/{rel}","templated":true}]}}