{"id":15131,"date":"2019-03-17T17:55:57","date_gmt":"2019-03-17T16:55:57","guid":{"rendered":"https:\/\/schule.grips-medien.de\/?page_id=15131"},"modified":"2024-01-31T18:59:52","modified_gmt":"2024-01-31T17:59:52","slug":"schulprofil","status":"publish","type":"page","link":"https:\/\/www.talschule.schulnetz.hamm.de\/wordpress\/schulprofil\/","title":{"rendered":"Schulprofil"},"content":{"rendered":"\n<div class=\"wp-block-media-text has-media-on-the-right is-stacked-on-mobile has-background\" style=\"background-color:#eaf8fd;grid-template-columns:auto 35%\"><div class=\"wp-block-media-text__content\">\n<p class=\"has-medium-font-size\"><strong>bunt.<\/strong><\/p>\n\n\n\n<p class=\"has-medium-font-size\"><strong>kreativ.<\/strong><\/p>\n\n\n\n<p class=\"has-medium-font-size\"><strong>miteinander.<\/strong><\/p>\n<\/div><figure class=\"wp-block-media-text__media\"><img loading=\"lazy\" decoding=\"async\" width=\"447\" height=\"204\" src=\"https:\/\/www.talschule.schulnetz.hamm.de\/wordpress\/wp-content\/uploads\/2023\/10\/Talschullogo-Bild-von-Sonja.png\" alt=\"\" class=\"wp-image-16719 size-full\" srcset=\"https:\/\/www.talschule.schulnetz.hamm.de\/wordpress\/wp-content\/uploads\/2023\/10\/Talschullogo-Bild-von-Sonja.png 447w, https:\/\/www.talschule.schulnetz.hamm.de\/wordpress\/wp-content\/uploads\/2023\/10\/Talschullogo-Bild-von-Sonja-300x137.png 300w\" sizes=\"auto, (max-width: 447px) 100vw, 447px\" \/><\/figure><\/div>\n\n\n\n<div style=\"height:36px\" aria-hidden=\"true\" class=\"wp-block-spacer\"><\/div>\n\n\n\n<p>Wir sind eine st\u00e4dtische zwei- und dreiz\u00fcgige Grundschule im Hammer Stadtteil Bockum-H\u00f6vel. Rund 250 Kinder lernen in insgesamt zehn Klassen, die von einem engagierten, multiprofessionellen Team begleitet werden. Als offene Ganztagsschule bieten wir verschiedene Formen der Betreuung und viele au\u00dferunterrichtliche Aktivit\u00e4ten an.<\/p>\n\n\n\n<p><\/p>\n\n\n\n<p><em>Wege entstehen dadurch, dass wir sie gehen.<\/em> So lautet das Leitbild unserer Schule, das der Schriftsteller Franz Kafka gepr\u00e4gt hat. Uns als Schule ist es sehr wichtig, dass sich unsere Sch\u00fclerinnen und Sch\u00fcler aktiv handelnd mit schulischen Inhalten auseinandersetzen und sie dabei ihre pers\u00f6nlichen St\u00e4rken und individuellen F\u00e4higkeiten wahrnehmen und diese stetig entwickeln. Das &#8222;Wir&#8220; spielt in diesem Zusammenhang eine zentrale Rolle &#8211; alle an Schule Beteiligten arbeiten eng als Team zusammen, um die Kinder bestm\u00f6glich zu unterstz\u00fctzen.<\/p>\n\n\n\n<div style=\"height:26px\" aria-hidden=\"true\" class=\"wp-block-spacer\"><\/div>\n\n\n\n<p><strong>Das ist uns au\u00dferdem wichtig:<\/strong><\/p>\n\n\n\n<ul class=\"wp-block-list\">\n<li>Wir begegnen uns im Schulalltag mit gegenseitigem Respekt und gegenseitiger Toleranz und Wertsch\u00e4tzung, da ein gemeinsames und soziales Miteinander wichtig ist.<\/li>\n\n\n\n<li>Wir erm\u00f6glichen es den Kindern, entsprechend ihres Leistungsverm\u00f6gens individuell lernen und gef\u00f6rdert werden zu k\u00f6nnen.<\/li>\n\n\n\n<li>Wir gestalten einen abwechslungsreichen Unterricht und eine gute Lernatmosph\u00e4re, um den Spa\u00df am Lernen zu f\u00f6rdern.<\/li>\n\n\n\n<li>Wir ermutigen die Kinder, ihre St\u00e4rken und F\u00e4higkeiten zu sehen und diese zu entwickeln.<\/li>\n\n\n\n<li>Wir unterst\u00fctzen die sozialen Kompetenzen unserer Sch\u00fclerinnen und Sch\u00fcler sowie ihr Verantwortungsbewusstsein und ihre Selbstst\u00e4ndigkeit.<\/li>\n\n\n\n<li>Wir vermitteln den Kindern fundiertes Wissen sowie Kompetenzen und Fertigkeiten in verschiedenen F\u00e4chern gem\u00e4\u00df der geltenden Lehrpl\u00e4ne.<\/li>\n<\/ul>\n","protected":false},"excerpt":{"rendered":"<p>bunt. kreativ. miteinander. Wir sind eine st\u00e4dtische zwei- und dreiz\u00fcgige Grundschule im Hammer Stadtteil Bockum-H\u00f6vel. Rund 250 Kinder lernen in insgesamt zehn Klassen, die von einem engagierten, multiprofessionellen Team begleitet &#8230;<\/p>\n","protected":false},"author":8,"featured_media":0,"parent":0,"menu_order":2,"comment_status":"closed","ping_status":"closed","template":"template-fullwidth.php","meta":{"footnotes":""},"class_list":["post-15131","page","type-page","status-publish","hentry"],"_links":{"self":[{"href":"https:\/\/www.talschule.schulnetz.hamm.de\/wordpress\/wp-json\/wp\/v2\/pages\/15131","targetHints":{"allow":["GET"]}}],"collection":[{"href":"https:\/\/www.talschule.schulnetz.hamm.de\/wordpress\/wp-json\/wp\/v2\/pages"}],"about":[{"href":"https:\/\/www.talschule.schulnetz.hamm.de\/wordpress\/wp-json\/wp\/v2\/types\/page"}],"author":[{"embeddable":true,"href":"https:\/\/www.talschule.schulnetz.hamm.de\/wordpress\/wp-json\/wp\/v2\/users\/8"}],"replies":[{"embeddable":true,"href":"https:\/\/www.talschule.schulnetz.hamm.de\/wordpress\/wp-json\/wp\/v2\/comments?post=15131"}],"version-history":[{"count":19,"href":"https:\/\/www.talschule.schulnetz.hamm.de\/wordpress\/wp-json\/wp\/v2\/pages\/15131\/revisions"}],"predecessor-version":[{"id":17733,"href":"https:\/\/www.talschule.schulnetz.hamm.de\/wordpress\/wp-json\/wp\/v2\/pages\/15131\/revisions\/17733"}],"wp:attachment":[{"href":"https:\/\/www.talschule.schulnetz.hamm.de\/wordpress\/wp-json\/wp\/v2\/media?parent=15131"}],"curies":[{"name":"wp","href":"https:\/\/api.w.org\/{rel}","templated":true}]}}