{"id":15136,"date":"2019-03-17T17:55:57","date_gmt":"2019-03-17T16:55:57","guid":{"rendered":"https:\/\/schule.grips-medien.de\/?page_id=15136"},"modified":"2023-12-30T23:48:33","modified_gmt":"2023-12-30T22:48:33","slug":"foerderverein","status":"publish","type":"page","link":"https:\/\/www.talschule.schulnetz.hamm.de\/wordpress\/foerderverein\/","title":{"rendered":"F\u00f6rderverein"},"content":{"rendered":"\n<div class=\"wp-block-group alignfull has-background\" style=\"background-color:#f2f0e9\"><div class=\"wp-block-group__inner-container is-layout-constrained wp-block-group-is-layout-constrained\">\n<div style=\"height:10px;width:0px\" aria-hidden=\"true\" class=\"wp-block-spacer\"><\/div>\n\n\n\n<div class=\"wp-block-columns alignwide are-vertically-aligned-center is-layout-flex wp-container-core-columns-is-layout-1 wp-block-columns-is-layout-flex\">\n<div class=\"wp-block-column is-layout-flow wp-block-column-is-layout-flow\" style=\"flex-basis:50%\">\n<p class=\"has-text-color\" style=\"color:#000000;font-size:25px;line-height:1.1\"><strong>Das sind wir.<\/strong><\/p>\n<\/div>\n<\/div>\n\n\n\n<hr class=\"wp-block-separator has-text-color has-css-opacity has-background is-style-wide\" style=\"background-color:#000000;color:#000000\"\/>\n\n\n\n<div class=\"wp-block-columns alignwide is-layout-flex wp-container-core-columns-is-layout-2 wp-block-columns-is-layout-flex\">\n<div class=\"wp-block-column is-layout-flow wp-block-column-is-layout-flow\"><\/div>\n\n\n\n<div class=\"wp-block-column is-layout-flow wp-block-column-is-layout-flow\">\n<p class=\"has-text-color\" style=\"color:#000000;font-size:14px\">Der <strong>gemeinn\u00fctzige Verein der Freunde und F\u00f6rderer der Talschule e. V.<\/strong> wurde 2002 von engagierten Eltern und Lehrkr\u00e4ften mit dem Ziel gegr\u00fcndet, die p\u00e4dagogische Arbeit an der Talschule zu f\u00f6rdern und sozial bed\u00fcrftige Sch\u00fclerinnen und Sch\u00fcler bzw. deren Familien zu unterst\u00fctzen.<\/p>\n<\/div>\n\n\n\n<div class=\"wp-block-column is-layout-flow wp-block-column-is-layout-flow\">\n<p class=\"has-text-color\" style=\"color:#000000;font-size:14px\">Nicht nur durch finanzielle Hilfen, sondern auch durch die aktive Beteiligung am schulischen Geschehen und vor allem durch die enge Zusammenarbeit von Eltern und Lehrerinnen und Lehrern k\u00f6nnen wir so die Kinder an der Talschule begleiten.<\/p>\n<\/div>\n<\/div>\n<\/div><\/div>\n\n\n\n<div style=\"height:45px\" aria-hidden=\"true\" class=\"wp-block-spacer\"><\/div>\n\n\n\n<div class=\"wp-block-columns alignwide is-layout-flex wp-container-core-columns-is-layout-3 wp-block-columns-is-layout-flex\" style=\"margin-bottom:0\">\n<div class=\"wp-block-column has-text-color has-background has-link-color wp-elements-0e7469624abc76591d8cc57202ae43e5 is-layout-flow wp-block-column-is-layout-flow\" style=\"color:#000000;background-color:#dad3b9;padding-top:2em;padding-right:2em;padding-bottom:2em;padding-left:2em\">\n<h2 class=\"wp-block-heading\" id=\"single\" style=\"font-size:25px;font-style:normal;font-weight:200\"><strong>Unsere Schwerpunkte.<\/strong><\/h2>\n\n\n\n<hr class=\"wp-block-separator has-text-color has-css-opacity has-background is-style-wide\" style=\"background-color:#000000;color:#000000\"\/>\n\n\n\n<ul class=\"has-normal-font-size wp-block-list\">\n<li style=\"font-size:14px\">Mitgestaltung des Schulhofs<\/li>\n\n\n\n<li style=\"font-size:14px\">Beschaffung von Pausenspielzeug<\/li>\n\n\n\n<li style=\"font-size:14px\">Zusch\u00fcsse f\u00fcr bed\u00fcrftige Kinder bei Klassenfahrten<\/li>\n\n\n\n<li style=\"font-size:14px\">Spenden f\u00fcr besondere Einzelveranstaltungen<\/li>\n\n\n\n<li style=\"font-size:14px\">Unterst\u00fctzung bei verschiedenen Anl\u00e4ssen in der Schule<\/li>\n<\/ul>\n\n\n\n<div class=\"wp-block-buttons alignfull is-horizontal is-content-justification-left is-layout-flex wp-container-core-buttons-is-layout-1 wp-block-buttons-is-layout-flex\"><\/div>\n<\/div>\n\n\n\n<div class=\"wp-block-column has-text-color has-background has-link-color wp-elements-cdb0677a7df53697e551a10607a54b79 is-layout-flow wp-block-column-is-layout-flow\" style=\"color:#000000;background-color:#d9d0a1;padding-top:2em;padding-right:2em;padding-bottom:2em;padding-left:2em\">\n<h2 class=\"wp-block-heading\" id=\"family\" style=\"font-size:25px;font-style:normal;font-weight:600\"><strong>Unterst\u00fctzen Sie uns durch Ihre Mitgliedschaft.<\/strong><\/h2>\n\n\n\n<hr class=\"wp-block-separator has-css-opacity is-style-wide\"\/>\n\n\n\n<p style=\"font-size:14px\">Gerne k\u00f6nnen Sie unseren F\u00f6rderverein durch Ihre Mithilfe unterst\u00fctzen. Bei verschiedenen Anl\u00e4ssen wie die Einschulungs-Cafeteria oder Waffeltag freuen wir uns immer \u00fcber Unterst\u00fctzung. Ebenso dankbar sind wir f\u00fcr finanzielle Unterst\u00fctzung unserer Arbeit durch Spenden.<\/p>\n\n\n\n<p style=\"font-size:14px\">Mit vielem Dank und freundlichen Gr\u00fc\u00dfen<\/p>\n\n\n\n<p style=\"font-size:14px\">Ihr Verein der Freunde und F\u00f6rderer der Talschule e.V.<br>\u2013 eingetragener gemeinn\u00fctziger Verein \u2013<br>Hohenh\u00f6veler Stra\u00dfe 31<br>59075 Hamm<\/p>\n\n\n\n<div class=\"wp-block-buttons is-content-justification-center is-layout-flex wp-container-core-buttons-is-layout-2 wp-block-buttons-is-layout-flex\">\n<div class=\"wp-block-button\"><a class=\"wp-block-button__link has-white-color has-text-color has-link-color wp-element-button\">Beitrittserkl\u00e4rung<\/a><\/div>\n<\/div>\n<\/div>\n<\/div>\n","protected":false},"excerpt":{"rendered":"<p>Das sind wir. Der gemeinn\u00fctzige Verein der Freunde und F\u00f6rderer der Talschule e. V. wurde 2002 von engagierten Eltern und Lehrkr\u00e4ften mit dem Ziel gegr\u00fcndet, die p\u00e4dagogische Arbeit an der &#8230;<\/p>\n","protected":false},"author":8,"featured_media":0,"parent":0,"menu_order":6,"comment_status":"closed","ping_status":"closed","template":"template-fullwidth.php","meta":{"footnotes":""},"class_list":["post-15136","page","type-page","status-publish","hentry"],"_links":{"self":[{"href":"https:\/\/www.talschule.schulnetz.hamm.de\/wordpress\/wp-json\/wp\/v2\/pages\/15136","targetHints":{"allow":["GET"]}}],"collection":[{"href":"https:\/\/www.talschule.schulnetz.hamm.de\/wordpress\/wp-json\/wp\/v2\/pages"}],"about":[{"href":"https:\/\/www.talschule.schulnetz.hamm.de\/wordpress\/wp-json\/wp\/v2\/types\/page"}],"author":[{"embeddable":true,"href":"https:\/\/www.talschule.schulnetz.hamm.de\/wordpress\/wp-json\/wp\/v2\/users\/8"}],"replies":[{"embeddable":true,"href":"https:\/\/www.talschule.schulnetz.hamm.de\/wordpress\/wp-json\/wp\/v2\/comments?post=15136"}],"version-history":[{"count":101,"href":"https:\/\/www.talschule.schulnetz.hamm.de\/wordpress\/wp-json\/wp\/v2\/pages\/15136\/revisions"}],"predecessor-version":[{"id":17490,"href":"https:\/\/www.talschule.schulnetz.hamm.de\/wordpress\/wp-json\/wp\/v2\/pages\/15136\/revisions\/17490"}],"wp:attachment":[{"href":"https:\/\/www.talschule.schulnetz.hamm.de\/wordpress\/wp-json\/wp\/v2\/media?parent=15136"}],"curies":[{"name":"wp","href":"https:\/\/api.w.org\/{rel}","templated":true}]}}