{"id":15139,"date":"2019-03-17T17:55:57","date_gmt":"2019-03-17T16:55:57","guid":{"rendered":"https:\/\/schule.grips-medien.de\/?page_id=15139"},"modified":"2024-05-06T19:01:08","modified_gmt":"2024-05-06T17:01:08","slug":"schulsozialarbeit","status":"publish","type":"page","link":"https:\/\/www.talschule.schulnetz.hamm.de\/wordpress\/team\/schulsozialarbeit\/","title":{"rendered":"Schulsozialarbeit"},"content":{"rendered":"\n<div class=\"wp-block-group is-nowrap is-layout-flex wp-container-core-group-is-layout-2 wp-block-group-is-layout-flex\">\n<div class=\"wp-block-group alignfull has-background is-horizontal is-content-justification-left is-nowrap is-layout-flex wp-container-core-group-is-layout-1 wp-block-group-is-layout-flex\" style=\"background-color:#bfd5db4d\">\n<div class=\"wp-block-columns alignwide are-vertically-aligned-center is-layout-flex wp-container-core-columns-is-layout-1 wp-block-columns-is-layout-flex\">\n<div class=\"wp-block-column is-vertically-aligned-center is-layout-flow wp-block-column-is-layout-flow\" style=\"flex-basis:25%\">\n<p class=\"has-text-align-left has-text-color\" style=\"color:#000000;font-size:30px;line-height:1.1\"><strong>Gemeinsam <\/strong>sind wir stark.<\/p>\n<\/div>\n\n\n\n<div class=\"wp-block-column is-layout-flow wp-block-column-is-layout-flow\">\n<p class=\"has-text-align-left has-text-color has-extra-small-font-size\" style=\"color:#000000\">Die Schulsozialarbeit ist mit ihrer wertvollen Arbeit im Schnittfeld von Schule sowie Kinder- und Jugendhilfe ein fester, wichtiger Bestandteil an unserer Schule.<\/p>\n<\/div>\n<\/div>\n<\/div>\n<\/div>\n\n\n\n<div style=\"height:40px\" aria-hidden=\"true\" class=\"wp-block-spacer\"><\/div>\n\n\n\n<div class=\"wp-block-columns is-layout-flex wp-container-core-columns-is-layout-4 wp-block-columns-is-layout-flex\">\n<div class=\"wp-block-column is-layout-flow wp-block-column-is-layout-flow\" style=\"flex-basis:66.66%\">\n<p><strong>Aufgabenbereiche der Schulsozialarbeit<\/strong><\/p>\n\n\n\n<ul class=\"wp-block-list\">\n<li>Unterst\u00fctzung der pers\u00f6nlichen und sozialen Entwicklung der Kinder<\/li>\n\n\n\n<li>Beratung und Begleitung der Kinder im Lebensraum Schule<\/li>\n\n\n\n<li>Beratung und Begleitung von allen am Schulleben beteiligten p\u00e4dagogischen Fachkr\u00e4ften<\/li>\n\n\n\n<li>Beratung und Begleitung von Eltern und Erziehungsberechtigten<\/li>\n\n\n\n<li>kontinuierliche Kooperation und Vernetzung mit allen am Schulleben beteiligten p\u00e4dagogischen Fachkr\u00e4ften und au\u00dferschulischen Institutionen<\/li>\n\n\n\n<li>Mitwirkung und Beratung bei schulischen, beruflichen und weiteren biographischen \u00dcberg\u00e4ngen sowie bei pers\u00f6nlichen Bedarfslagen<\/li>\n<\/ul>\n\n\n\n<div style=\"height:40px\" aria-hidden=\"true\" class=\"wp-block-spacer\"><\/div>\n\n\n\n<div class=\"wp-block-columns is-layout-flex wp-container-core-columns-is-layout-2 wp-block-columns-is-layout-flex\">\n<div class=\"wp-block-column is-layout-flow wp-block-column-is-layout-flow\">\n<p><strong>Das Angebot der Schulsozialarbeit richtet sich an<\/strong><\/p>\n\n\n\n<ul class=\"wp-block-list\">\n<li>Sch\u00fclerinnen und Sch\u00fcler<\/li>\n\n\n\n<li>Eltern und Erziehungsberechtigte<\/li>\n\n\n\n<li>Lehrerinnen und Lehrer<\/li>\n<\/ul>\n<\/div>\n<\/div>\n<\/div>\n\n\n\n<div class=\"wp-block-column is-layout-flow wp-block-column-is-layout-flow\" style=\"flex-basis:33.33%\">\n<figure class=\"wp-block-gallery has-nested-images columns-default is-cropped wp-block-gallery-1 is-layout-flex wp-block-gallery-is-layout-flex\">\n<figure class=\"wp-block-image size-large\"><img loading=\"lazy\" decoding=\"async\" width=\"800\" height=\"600\" src=\"https:\/\/www.talschule.schulnetz.hamm.de\/wordpress\/wp-content\/uploads\/2023\/12\/Poernig_Huneke.jpg\" alt=\"\" class=\"wp-image-16944\" srcset=\"https:\/\/www.talschule.schulnetz.hamm.de\/wordpress\/wp-content\/uploads\/2023\/12\/Poernig_Huneke.jpg 800w, https:\/\/www.talschule.schulnetz.hamm.de\/wordpress\/wp-content\/uploads\/2023\/12\/Poernig_Huneke-300x225.jpg 300w, https:\/\/www.talschule.schulnetz.hamm.de\/wordpress\/wp-content\/uploads\/2023\/12\/Poernig_Huneke-768x576.jpg 768w\" sizes=\"auto, (max-width: 800px) 100vw, 800px\" \/><figcaption class=\"wp-element-caption\">A. P\u00f6rnig und H. Huneke<\/figcaption><\/figure>\n<\/figure>\n\n\n\n<div class=\"wp-block-columns alignwide is-layout-flex wp-container-core-columns-is-layout-3 wp-block-columns-is-layout-flex\" style=\"margin-bottom:0\">\n<div class=\"wp-block-column has-text-color has-background has-link-color wp-elements-31f84965b61e73390b02dcb96a615bd9 is-layout-flow wp-block-column-is-layout-flow\" style=\"color:#000000;background-color:#c0d6dc;padding-top:2em;padding-right:2em;padding-bottom:2em;padding-left:2em\">\n<h2 class=\"wp-block-heading\" id=\"patron\" style=\"font-size:35px\"><strong>Kontakt<\/strong><\/h2>\n\n\n\n<p style=\"font-size:15px\"><strong>Melden Sie sich gerne bei uns.<\/strong><\/p>\n\n\n\n<hr class=\"wp-block-separator has-css-opacity is-style-wide\"\/>\n\n\n\n<p><strong>Andrea P\u00f6rnig<\/strong><\/p>\n\n\n\n<i class=\"fa fa-phone fa-2x\"><\/i>&nbsp;&nbsp; 0176 \/ 55971667\n<br><br>\n\n<i class=\"fa fa-envelope fa-2x\"><\/i>&nbsp;&nbsp; <a href=\"mailto:poernig@friedrich-wilhelm-stift.de\">poernig@friedrich-wilhelm-stift.de<\/a>\n\n\n\n<p><strong>Heike Huneke<\/strong><\/p>\n\n\n\n<i class=\"fa fa-phone fa-2x\"><\/i>&nbsp;&nbsp; 0176 \/ 55971666\n<br><br>\n\n<i class=\"fa fa-envelope fa-2x\"><\/i>&nbsp;&nbsp; <a href=\"mailto:heike.huneke@grta-hamm.de\">heike.huneke@grta-hamm.de<\/a>\n<\/div>\n<\/div>\n<\/div>\n<\/div>\n","protected":false},"excerpt":{"rendered":"<p>Gemeinsam sind wir stark. Die Schulsozialarbeit ist mit ihrer wertvollen Arbeit im Schnittfeld von Schule sowie Kinder- und Jugendhilfe ein fester, wichtiger Bestandteil an unserer Schule. Aufgabenbereiche der Schulsozialarbeit Das &#8230;<\/p>\n","protected":false},"author":8,"featured_media":0,"parent":16460,"menu_order":0,"comment_status":"closed","ping_status":"closed","template":"template-fullwidth.php","meta":{"footnotes":""},"class_list":["post-15139","page","type-page","status-publish","hentry"],"_links":{"self":[{"href":"https:\/\/www.talschule.schulnetz.hamm.de\/wordpress\/wp-json\/wp\/v2\/pages\/15139","targetHints":{"allow":["GET"]}}],"collection":[{"href":"https:\/\/www.talschule.schulnetz.hamm.de\/wordpress\/wp-json\/wp\/v2\/pages"}],"about":[{"href":"https:\/\/www.talschule.schulnetz.hamm.de\/wordpress\/wp-json\/wp\/v2\/types\/page"}],"author":[{"embeddable":true,"href":"https:\/\/www.talschule.schulnetz.hamm.de\/wordpress\/wp-json\/wp\/v2\/users\/8"}],"replies":[{"embeddable":true,"href":"https:\/\/www.talschule.schulnetz.hamm.de\/wordpress\/wp-json\/wp\/v2\/comments?post=15139"}],"version-history":[{"count":49,"href":"https:\/\/www.talschule.schulnetz.hamm.de\/wordpress\/wp-json\/wp\/v2\/pages\/15139\/revisions"}],"predecessor-version":[{"id":17807,"href":"https:\/\/www.talschule.schulnetz.hamm.de\/wordpress\/wp-json\/wp\/v2\/pages\/15139\/revisions\/17807"}],"up":[{"embeddable":true,"href":"https:\/\/www.talschule.schulnetz.hamm.de\/wordpress\/wp-json\/wp\/v2\/pages\/16460"}],"wp:attachment":[{"href":"https:\/\/www.talschule.schulnetz.hamm.de\/wordpress\/wp-json\/wp\/v2\/media?parent=15139"}],"curies":[{"name":"wp","href":"https:\/\/api.w.org\/{rel}","templated":true}]}}