{"id":15460,"date":"2019-04-09T15:56:20","date_gmt":"2019-04-09T13:56:20","guid":{"rendered":"https:\/\/schule.grips-medien.de\/?page_id=15460"},"modified":"2025-08-22T13:11:01","modified_gmt":"2025-08-22T11:11:01","slug":"klassen","status":"publish","type":"page","link":"https:\/\/www.talschule.schulnetz.hamm.de\/wordpress\/schulprofil\/klassen\/","title":{"rendered":"Klassen"},"content":{"rendered":"\n<div class=\"wp-block-columns is-layout-flex wp-container-core-columns-is-layout-1 wp-block-columns-is-layout-flex\">\n<div class=\"wp-block-column is-layout-flow wp-block-column-is-layout-flow\" style=\"flex-basis:33.33%\">\n<p>Unsere Sch\u00fclerinnen und Sch\u00fcler lernen jahrgangsbezogen in insgesamt elf Klassen.<\/p>\n\n\n\n<p>Die Jahrgangsstufe 1 ist zweiz\u00fcgig, die Jahrgangsstufen 2, 3 und 4 sind dreiz\u00fcgig.<\/p>\n\n\n\n<p>Alle Klassen werden durch Inklusionsfachkr\u00e4fte unterst\u00fctzt.<\/p>\n<\/div>\n\n\n\n<div class=\"wp-block-column is-layout-flow wp-block-column-is-layout-flow\" style=\"flex-basis:66.66%\">\n<h2 class=\"wp-block-heading has-medium-font-size\" style=\"font-style:normal;font-weight:300\">Das sind unsere Klassen.<\/h2>\n\n\n\n<figure class=\"wp-block-table is-style-stripes has-small-font-size\"><table class=\"has-background\" style=\"background-color:#f6f6f6\"><thead><tr><th class=\"has-text-align-left\" data-align=\"left\">Klasse<\/th><th><\/th><th>Klassenlehrerin<\/th><\/tr><\/thead><tbody><tr><td class=\"has-text-align-left\" data-align=\"left\">1a<\/td><td>Eichh\u00f6rnchenklasse<\/td><td>Frau Quos<\/td><\/tr><tr><td class=\"has-text-align-left\" data-align=\"left\">1b<\/td><td>Elefantenklasse<\/td><td>Frau R\u00f6per<\/td><\/tr><tr><td class=\"has-text-align-left\" data-align=\"left\">2a<\/td><td>Igelklasse<\/td><td>Frau K\u00f6pplin<\/td><\/tr><tr><td class=\"has-text-align-left\" data-align=\"left\">2b<\/td><td>Hundeklasse<\/td><td>Frau Franzp\u00f6tter<\/td><\/tr><tr><td class=\"has-text-align-left\" data-align=\"left\">2c<\/td><td>Koalaklasse<\/td><td>Frau Lenz<\/td><\/tr><tr><td class=\"has-text-align-left\" data-align=\"left\">3a<\/td><td>Giraffenklasse<\/td><td>Frau B\u00fccker<\/td><\/tr><tr><td class=\"has-text-align-left\" data-align=\"left\">3b<\/td><td>Zebraklasse<\/td><td>Frau Kr\u00fcger<\/td><\/tr><tr><td class=\"has-text-align-left\" data-align=\"left\">3c<\/td><td>Erdm\u00e4nnchenklasse<\/td><td>Frau Bastek<\/td><\/tr><tr><td class=\"has-text-align-left\" data-align=\"left\">4a<\/td><td>Fuchsklasse<\/td><td>Frau Warnecke<\/td><\/tr><tr><td class=\"has-text-align-left\" data-align=\"left\">4b<\/td><td>Eulenklasse<\/td><td>Frau Reger<\/td><\/tr><tr><td class=\"has-text-align-left\" data-align=\"left\">4c<\/td><td>Flamingoklasse<\/td><td>Frau Stadie<\/td><\/tr><\/tbody><\/table><\/figure>\n<\/div>\n<\/div>\n","protected":false},"excerpt":{"rendered":"<p>Unsere Sch\u00fclerinnen und Sch\u00fcler lernen jahrgangsbezogen in insgesamt elf Klassen. Die Jahrgangsstufe 1 ist zweiz\u00fcgig, die Jahrgangsstufen 2, 3 und 4 sind dreiz\u00fcgig. Alle Klassen werden durch Inklusionsfachkr\u00e4fte unterst\u00fctzt. Das &#8230;<\/p>\n","protected":false},"author":8,"featured_media":0,"parent":15131,"menu_order":0,"comment_status":"closed","ping_status":"closed","template":"template-fullwidth.php","meta":{"footnotes":""},"class_list":["post-15460","page","type-page","status-publish","hentry"],"_links":{"self":[{"href":"https:\/\/www.talschule.schulnetz.hamm.de\/wordpress\/wp-json\/wp\/v2\/pages\/15460","targetHints":{"allow":["GET"]}}],"collection":[{"href":"https:\/\/www.talschule.schulnetz.hamm.de\/wordpress\/wp-json\/wp\/v2\/pages"}],"about":[{"href":"https:\/\/www.talschule.schulnetz.hamm.de\/wordpress\/wp-json\/wp\/v2\/types\/page"}],"author":[{"embeddable":true,"href":"https:\/\/www.talschule.schulnetz.hamm.de\/wordpress\/wp-json\/wp\/v2\/users\/8"}],"replies":[{"embeddable":true,"href":"https:\/\/www.talschule.schulnetz.hamm.de\/wordpress\/wp-json\/wp\/v2\/comments?post=15460"}],"version-history":[{"count":55,"href":"https:\/\/www.talschule.schulnetz.hamm.de\/wordpress\/wp-json\/wp\/v2\/pages\/15460\/revisions"}],"predecessor-version":[{"id":17995,"href":"https:\/\/www.talschule.schulnetz.hamm.de\/wordpress\/wp-json\/wp\/v2\/pages\/15460\/revisions\/17995"}],"up":[{"embeddable":true,"href":"https:\/\/www.talschule.schulnetz.hamm.de\/wordpress\/wp-json\/wp\/v2\/pages\/15131"}],"wp:attachment":[{"href":"https:\/\/www.talschule.schulnetz.hamm.de\/wordpress\/wp-json\/wp\/v2\/media?parent=15460"}],"curies":[{"name":"wp","href":"https:\/\/api.w.org\/{rel}","templated":true}]}}