{"id":16486,"date":"2023-10-13T19:50:00","date_gmt":"2023-10-13T17:50:00","guid":{"rendered":"https:\/\/www.talschule.schulnetz.hamm.de\/wordpress\/?page_id=16486"},"modified":"2025-04-01T19:47:01","modified_gmt":"2025-04-01T17:47:01","slug":"betreuungsangebote","status":"publish","type":"page","link":"https:\/\/www.talschule.schulnetz.hamm.de\/wordpress\/ogs\/betreuungsangebote\/","title":{"rendered":"Betreuungsangebote"},"content":{"rendered":"\n<ul class=\"wp-block-list\">\n<li><\/li>\n<\/ul>\n\n\n\n<blockquote class=\"wp-block-quote is-layout-flow wp-block-quote-is-layout-flow\">\n<p class=\"has-text-align-center\">&#8222;<strong>Unsere OGS ist ein Ort voller Freude, Spa\u00df und Gemeinschaft, an dem jedes Kind einen Platz findet.&#8220; <\/strong><\/p>\n<\/blockquote>\n\n\n<div class=\"wp-block-image\">\n<figure class=\"aligncenter size-large\"><img loading=\"lazy\" decoding=\"async\" width=\"1024\" height=\"768\" src=\"https:\/\/www.talschule.schulnetz.hamm.de\/wordpress\/wp-content\/uploads\/2025\/04\/b901ba2f-27fc-4e73-92da-6910cb126698-1024x768.jpg\" alt=\"\" class=\"wp-image-17886\" srcset=\"https:\/\/www.talschule.schulnetz.hamm.de\/wordpress\/wp-content\/uploads\/2025\/04\/b901ba2f-27fc-4e73-92da-6910cb126698-1024x768.jpg 1024w, https:\/\/www.talschule.schulnetz.hamm.de\/wordpress\/wp-content\/uploads\/2025\/04\/b901ba2f-27fc-4e73-92da-6910cb126698-300x225.jpg 300w, https:\/\/www.talschule.schulnetz.hamm.de\/wordpress\/wp-content\/uploads\/2025\/04\/b901ba2f-27fc-4e73-92da-6910cb126698-768x576.jpg 768w, https:\/\/www.talschule.schulnetz.hamm.de\/wordpress\/wp-content\/uploads\/2025\/04\/b901ba2f-27fc-4e73-92da-6910cb126698-1536x1152.jpg 1536w, https:\/\/www.talschule.schulnetz.hamm.de\/wordpress\/wp-content\/uploads\/2025\/04\/b901ba2f-27fc-4e73-92da-6910cb126698.jpg 1600w\" sizes=\"auto, (max-width: 1024px) 100vw, 1024px\" \/><\/figure><\/div>\n\n\n<pre class=\"wp-block-verse has-text-align-left\">Unsere Offene Ganztagsschule (OGS) ist ein lebendiger Ort, an dem Ihre Kinder nicht nur betreut werden, sondern auch mit Freude und Begeisterung neue Dinge ausprobieren k\u00f6nnen. Mit unserem vielf\u00e4ltigen Angebot an AGs bieten wir den Kindern die M\u00f6glichkeit, ihre Talente zu entdecken, sich kreativ auszuleben und sich sportlich zu bet\u00e4tigen.<br><br>Neben den AGs legen wir gro\u00dfen Wert darauf, dass die Kinder sich wohlf\u00fchlen und ihren Tagesablauf selbst mitgestalten k\u00f6nnen. Unser freies Konzept erm\u00f6glicht es ihnen, selbst zu entscheiden, wann sie essen m\u00f6chten, wann sie ihre Hausaufgaben machen und wann sie sich dem Freien Spiel widmen m\u00f6chten. So lernen sie, Verantwortung f\u00fcr sich selbst zu \u00fcbernehmen und ihren Nachmittag individuell zu gestalten. <br><br>Besonders freuen wir uns \u00fcber unsere neu gestalteten R\u00e4ume, wie zum Beispiel den liebevoll eingerichteten Spielraum, in dem die Kinder gemeinsam spielen, lachen und entspannen k\u00f6nnen.<br><br>Unsere OGS ist ein Ort voller Freude, Spa\u00df und Gemeinschaft, an dem jedes Kind einen Platz findet. Wir freuen uns darauf, gemeinsam mit den Kindern viele sch\u00f6ne Momente zu erleben.<\/pre>\n\n\n\n<figure class=\"wp-block-gallery has-nested-images columns-default is-cropped wp-block-gallery-1 is-layout-flex wp-block-gallery-is-layout-flex\">\n<figure class=\"wp-block-image size-large\"><img loading=\"lazy\" decoding=\"async\" width=\"1024\" height=\"820\" data-id=\"17889\" src=\"https:\/\/www.talschule.schulnetz.hamm.de\/wordpress\/wp-content\/uploads\/2025\/04\/7ddfb894-2d2b-4956-b896-b3a4caec1abc-1024x820.jpg\" alt=\"\" class=\"wp-image-17889\" srcset=\"https:\/\/www.talschule.schulnetz.hamm.de\/wordpress\/wp-content\/uploads\/2025\/04\/7ddfb894-2d2b-4956-b896-b3a4caec1abc-1024x820.jpg 1024w, https:\/\/www.talschule.schulnetz.hamm.de\/wordpress\/wp-content\/uploads\/2025\/04\/7ddfb894-2d2b-4956-b896-b3a4caec1abc-300x240.jpg 300w, https:\/\/www.talschule.schulnetz.hamm.de\/wordpress\/wp-content\/uploads\/2025\/04\/7ddfb894-2d2b-4956-b896-b3a4caec1abc-768x615.jpg 768w, https:\/\/www.talschule.schulnetz.hamm.de\/wordpress\/wp-content\/uploads\/2025\/04\/7ddfb894-2d2b-4956-b896-b3a4caec1abc-1536x1230.jpg 1536w, https:\/\/www.talschule.schulnetz.hamm.de\/wordpress\/wp-content\/uploads\/2025\/04\/7ddfb894-2d2b-4956-b896-b3a4caec1abc.jpg 1600w\" sizes=\"auto, (max-width: 1024px) 100vw, 1024px\" \/><\/figure>\n\n\n\n<figure class=\"wp-block-image size-large\"><img loading=\"lazy\" decoding=\"async\" width=\"1024\" height=\"768\" data-id=\"17891\" src=\"https:\/\/www.talschule.schulnetz.hamm.de\/wordpress\/wp-content\/uploads\/2025\/04\/7d800ac9-6c43-44de-ba28-e3d0898d53f1-1024x768.jpg\" alt=\"\" class=\"wp-image-17891\" srcset=\"https:\/\/www.talschule.schulnetz.hamm.de\/wordpress\/wp-content\/uploads\/2025\/04\/7d800ac9-6c43-44de-ba28-e3d0898d53f1-1024x768.jpg 1024w, https:\/\/www.talschule.schulnetz.hamm.de\/wordpress\/wp-content\/uploads\/2025\/04\/7d800ac9-6c43-44de-ba28-e3d0898d53f1-300x225.jpg 300w, https:\/\/www.talschule.schulnetz.hamm.de\/wordpress\/wp-content\/uploads\/2025\/04\/7d800ac9-6c43-44de-ba28-e3d0898d53f1-768x576.jpg 768w, https:\/\/www.talschule.schulnetz.hamm.de\/wordpress\/wp-content\/uploads\/2025\/04\/7d800ac9-6c43-44de-ba28-e3d0898d53f1-1536x1152.jpg 1536w, https:\/\/www.talschule.schulnetz.hamm.de\/wordpress\/wp-content\/uploads\/2025\/04\/7d800ac9-6c43-44de-ba28-e3d0898d53f1.jpg 1600w\" sizes=\"auto, (max-width: 1024px) 100vw, 1024px\" \/><\/figure>\n\n\n\n<figure class=\"wp-block-image size-large\"><img loading=\"lazy\" decoding=\"async\" width=\"1024\" height=\"768\" data-id=\"17892\" src=\"https:\/\/www.talschule.schulnetz.hamm.de\/wordpress\/wp-content\/uploads\/2025\/04\/3bea4d4f-0283-4970-9dbc-ae8be70f6947-1024x768.jpg\" alt=\"\" class=\"wp-image-17892\" srcset=\"https:\/\/www.talschule.schulnetz.hamm.de\/wordpress\/wp-content\/uploads\/2025\/04\/3bea4d4f-0283-4970-9dbc-ae8be70f6947-1024x768.jpg 1024w, https:\/\/www.talschule.schulnetz.hamm.de\/wordpress\/wp-content\/uploads\/2025\/04\/3bea4d4f-0283-4970-9dbc-ae8be70f6947-300x225.jpg 300w, https:\/\/www.talschule.schulnetz.hamm.de\/wordpress\/wp-content\/uploads\/2025\/04\/3bea4d4f-0283-4970-9dbc-ae8be70f6947-768x576.jpg 768w, https:\/\/www.talschule.schulnetz.hamm.de\/wordpress\/wp-content\/uploads\/2025\/04\/3bea4d4f-0283-4970-9dbc-ae8be70f6947-1536x1152.jpg 1536w, https:\/\/www.talschule.schulnetz.hamm.de\/wordpress\/wp-content\/uploads\/2025\/04\/3bea4d4f-0283-4970-9dbc-ae8be70f6947.jpg 1600w\" sizes=\"auto, (max-width: 1024px) 100vw, 1024px\" \/><\/figure>\n\n\n\n<figure class=\"wp-block-image size-large\"><img loading=\"lazy\" decoding=\"async\" width=\"1024\" height=\"602\" data-id=\"17893\" src=\"https:\/\/www.talschule.schulnetz.hamm.de\/wordpress\/wp-content\/uploads\/2025\/04\/9c537fbb-a595-4a98-bf18-cca9e4d0fb1f-1024x602.jpg\" alt=\"\" class=\"wp-image-17893\" srcset=\"https:\/\/www.talschule.schulnetz.hamm.de\/wordpress\/wp-content\/uploads\/2025\/04\/9c537fbb-a595-4a98-bf18-cca9e4d0fb1f-1024x602.jpg 1024w, https:\/\/www.talschule.schulnetz.hamm.de\/wordpress\/wp-content\/uploads\/2025\/04\/9c537fbb-a595-4a98-bf18-cca9e4d0fb1f-300x176.jpg 300w, https:\/\/www.talschule.schulnetz.hamm.de\/wordpress\/wp-content\/uploads\/2025\/04\/9c537fbb-a595-4a98-bf18-cca9e4d0fb1f-768x452.jpg 768w, https:\/\/www.talschule.schulnetz.hamm.de\/wordpress\/wp-content\/uploads\/2025\/04\/9c537fbb-a595-4a98-bf18-cca9e4d0fb1f-1536x903.jpg 1536w, https:\/\/www.talschule.schulnetz.hamm.de\/wordpress\/wp-content\/uploads\/2025\/04\/9c537fbb-a595-4a98-bf18-cca9e4d0fb1f.jpg 1600w\" sizes=\"auto, (max-width: 1024px) 100vw, 1024px\" \/><\/figure>\n\n\n\n<figure class=\"wp-block-image size-large\"><img loading=\"lazy\" decoding=\"async\" width=\"1024\" height=\"646\" data-id=\"17888\" src=\"https:\/\/www.talschule.schulnetz.hamm.de\/wordpress\/wp-content\/uploads\/2025\/04\/14df1768-750f-4a5d-9116-687b52b68897-1024x646.jpg\" alt=\"\" class=\"wp-image-17888\" srcset=\"https:\/\/www.talschule.schulnetz.hamm.de\/wordpress\/wp-content\/uploads\/2025\/04\/14df1768-750f-4a5d-9116-687b52b68897-1024x646.jpg 1024w, https:\/\/www.talschule.schulnetz.hamm.de\/wordpress\/wp-content\/uploads\/2025\/04\/14df1768-750f-4a5d-9116-687b52b68897-300x189.jpg 300w, https:\/\/www.talschule.schulnetz.hamm.de\/wordpress\/wp-content\/uploads\/2025\/04\/14df1768-750f-4a5d-9116-687b52b68897-768x484.jpg 768w, https:\/\/www.talschule.schulnetz.hamm.de\/wordpress\/wp-content\/uploads\/2025\/04\/14df1768-750f-4a5d-9116-687b52b68897-1536x969.jpg 1536w, https:\/\/www.talschule.schulnetz.hamm.de\/wordpress\/wp-content\/uploads\/2025\/04\/14df1768-750f-4a5d-9116-687b52b68897.jpg 1600w\" sizes=\"auto, (max-width: 1024px) 100vw, 1024px\" \/><\/figure>\n\n\n\n<figure class=\"wp-block-image size-large\"><img loading=\"lazy\" decoding=\"async\" width=\"1024\" height=\"768\" data-id=\"17890\" src=\"https:\/\/www.talschule.schulnetz.hamm.de\/wordpress\/wp-content\/uploads\/2025\/04\/61f73ddd-d11b-4a33-8b3e-91cd43a72012-1024x768.jpg\" alt=\"\" class=\"wp-image-17890\" srcset=\"https:\/\/www.talschule.schulnetz.hamm.de\/wordpress\/wp-content\/uploads\/2025\/04\/61f73ddd-d11b-4a33-8b3e-91cd43a72012-1024x768.jpg 1024w, https:\/\/www.talschule.schulnetz.hamm.de\/wordpress\/wp-content\/uploads\/2025\/04\/61f73ddd-d11b-4a33-8b3e-91cd43a72012-300x225.jpg 300w, https:\/\/www.talschule.schulnetz.hamm.de\/wordpress\/wp-content\/uploads\/2025\/04\/61f73ddd-d11b-4a33-8b3e-91cd43a72012-768x576.jpg 768w, https:\/\/www.talschule.schulnetz.hamm.de\/wordpress\/wp-content\/uploads\/2025\/04\/61f73ddd-d11b-4a33-8b3e-91cd43a72012-1536x1152.jpg 1536w, https:\/\/www.talschule.schulnetz.hamm.de\/wordpress\/wp-content\/uploads\/2025\/04\/61f73ddd-d11b-4a33-8b3e-91cd43a72012.jpg 1600w\" sizes=\"auto, (max-width: 1024px) 100vw, 1024px\" \/><\/figure>\n\n\n\n<figure class=\"wp-block-image size-large\"><img loading=\"lazy\" decoding=\"async\" width=\"1024\" height=\"768\" data-id=\"17894\" src=\"https:\/\/www.talschule.schulnetz.hamm.de\/wordpress\/wp-content\/uploads\/2025\/04\/1495b29d-21f5-49bd-8c00-ea1be0419906-1024x768.jpg\" alt=\"\" class=\"wp-image-17894\" srcset=\"https:\/\/www.talschule.schulnetz.hamm.de\/wordpress\/wp-content\/uploads\/2025\/04\/1495b29d-21f5-49bd-8c00-ea1be0419906-1024x768.jpg 1024w, https:\/\/www.talschule.schulnetz.hamm.de\/wordpress\/wp-content\/uploads\/2025\/04\/1495b29d-21f5-49bd-8c00-ea1be0419906-300x225.jpg 300w, https:\/\/www.talschule.schulnetz.hamm.de\/wordpress\/wp-content\/uploads\/2025\/04\/1495b29d-21f5-49bd-8c00-ea1be0419906-768x576.jpg 768w, https:\/\/www.talschule.schulnetz.hamm.de\/wordpress\/wp-content\/uploads\/2025\/04\/1495b29d-21f5-49bd-8c00-ea1be0419906-1536x1152.jpg 1536w, https:\/\/www.talschule.schulnetz.hamm.de\/wordpress\/wp-content\/uploads\/2025\/04\/1495b29d-21f5-49bd-8c00-ea1be0419906.jpg 1600w\" sizes=\"auto, (max-width: 1024px) 100vw, 1024px\" \/><\/figure>\n\n\n\n<figure class=\"wp-block-image size-large\"><img loading=\"lazy\" decoding=\"async\" width=\"1024\" height=\"768\" data-id=\"17899\" src=\"https:\/\/www.talschule.schulnetz.hamm.de\/wordpress\/wp-content\/uploads\/2025\/04\/3039ac36-62af-456c-ab69-1c369a3529bc-1024x768.jpg\" alt=\"\" class=\"wp-image-17899\" srcset=\"https:\/\/www.talschule.schulnetz.hamm.de\/wordpress\/wp-content\/uploads\/2025\/04\/3039ac36-62af-456c-ab69-1c369a3529bc-1024x768.jpg 1024w, https:\/\/www.talschule.schulnetz.hamm.de\/wordpress\/wp-content\/uploads\/2025\/04\/3039ac36-62af-456c-ab69-1c369a3529bc-300x225.jpg 300w, https:\/\/www.talschule.schulnetz.hamm.de\/wordpress\/wp-content\/uploads\/2025\/04\/3039ac36-62af-456c-ab69-1c369a3529bc-768x576.jpg 768w, https:\/\/www.talschule.schulnetz.hamm.de\/wordpress\/wp-content\/uploads\/2025\/04\/3039ac36-62af-456c-ab69-1c369a3529bc-1536x1152.jpg 1536w, https:\/\/www.talschule.schulnetz.hamm.de\/wordpress\/wp-content\/uploads\/2025\/04\/3039ac36-62af-456c-ab69-1c369a3529bc.jpg 1600w\" sizes=\"auto, (max-width: 1024px) 100vw, 1024px\" \/><\/figure>\n\n\n\n<figure class=\"wp-block-image size-large\"><img loading=\"lazy\" decoding=\"async\" width=\"1024\" height=\"768\" data-id=\"17898\" src=\"https:\/\/www.talschule.schulnetz.hamm.de\/wordpress\/wp-content\/uploads\/2025\/04\/76614901-b4ee-4763-a318-5711e295ace3-1024x768.jpg\" alt=\"\" class=\"wp-image-17898\" srcset=\"https:\/\/www.talschule.schulnetz.hamm.de\/wordpress\/wp-content\/uploads\/2025\/04\/76614901-b4ee-4763-a318-5711e295ace3-1024x768.jpg 1024w, https:\/\/www.talschule.schulnetz.hamm.de\/wordpress\/wp-content\/uploads\/2025\/04\/76614901-b4ee-4763-a318-5711e295ace3-300x225.jpg 300w, https:\/\/www.talschule.schulnetz.hamm.de\/wordpress\/wp-content\/uploads\/2025\/04\/76614901-b4ee-4763-a318-5711e295ace3-768x576.jpg 768w, https:\/\/www.talschule.schulnetz.hamm.de\/wordpress\/wp-content\/uploads\/2025\/04\/76614901-b4ee-4763-a318-5711e295ace3-1536x1152.jpg 1536w, https:\/\/www.talschule.schulnetz.hamm.de\/wordpress\/wp-content\/uploads\/2025\/04\/76614901-b4ee-4763-a318-5711e295ace3.jpg 1600w\" sizes=\"auto, (max-width: 1024px) 100vw, 1024px\" \/><\/figure>\n\n\n\n<figure class=\"wp-block-image size-large\"><img loading=\"lazy\" decoding=\"async\" width=\"1024\" height=\"768\" data-id=\"17896\" src=\"https:\/\/www.talschule.schulnetz.hamm.de\/wordpress\/wp-content\/uploads\/2025\/04\/ab336ff8-1e87-4c5f-b5cd-41f93e26c556-1024x768.jpg\" alt=\"\" class=\"wp-image-17896\" srcset=\"https:\/\/www.talschule.schulnetz.hamm.de\/wordpress\/wp-content\/uploads\/2025\/04\/ab336ff8-1e87-4c5f-b5cd-41f93e26c556-1024x768.jpg 1024w, https:\/\/www.talschule.schulnetz.hamm.de\/wordpress\/wp-content\/uploads\/2025\/04\/ab336ff8-1e87-4c5f-b5cd-41f93e26c556-300x225.jpg 300w, https:\/\/www.talschule.schulnetz.hamm.de\/wordpress\/wp-content\/uploads\/2025\/04\/ab336ff8-1e87-4c5f-b5cd-41f93e26c556-768x576.jpg 768w, https:\/\/www.talschule.schulnetz.hamm.de\/wordpress\/wp-content\/uploads\/2025\/04\/ab336ff8-1e87-4c5f-b5cd-41f93e26c556-1536x1152.jpg 1536w, https:\/\/www.talschule.schulnetz.hamm.de\/wordpress\/wp-content\/uploads\/2025\/04\/ab336ff8-1e87-4c5f-b5cd-41f93e26c556.jpg 1600w\" sizes=\"auto, (max-width: 1024px) 100vw, 1024px\" \/><\/figure>\n\n\n\n<figure class=\"wp-block-image size-large\"><img loading=\"lazy\" decoding=\"async\" width=\"1024\" height=\"768\" data-id=\"17897\" src=\"https:\/\/www.talschule.schulnetz.hamm.de\/wordpress\/wp-content\/uploads\/2025\/04\/b8efac72-ae0f-4154-93a2-84a2cedd33e5-1024x768.jpg\" alt=\"\" class=\"wp-image-17897\" srcset=\"https:\/\/www.talschule.schulnetz.hamm.de\/wordpress\/wp-content\/uploads\/2025\/04\/b8efac72-ae0f-4154-93a2-84a2cedd33e5-1024x768.jpg 1024w, https:\/\/www.talschule.schulnetz.hamm.de\/wordpress\/wp-content\/uploads\/2025\/04\/b8efac72-ae0f-4154-93a2-84a2cedd33e5-300x225.jpg 300w, https:\/\/www.talschule.schulnetz.hamm.de\/wordpress\/wp-content\/uploads\/2025\/04\/b8efac72-ae0f-4154-93a2-84a2cedd33e5-768x576.jpg 768w, https:\/\/www.talschule.schulnetz.hamm.de\/wordpress\/wp-content\/uploads\/2025\/04\/b8efac72-ae0f-4154-93a2-84a2cedd33e5-1536x1152.jpg 1536w, https:\/\/www.talschule.schulnetz.hamm.de\/wordpress\/wp-content\/uploads\/2025\/04\/b8efac72-ae0f-4154-93a2-84a2cedd33e5.jpg 1600w\" sizes=\"auto, (max-width: 1024px) 100vw, 1024px\" \/><\/figure>\n\n\n\n<figure class=\"wp-block-image size-large\"><img loading=\"lazy\" decoding=\"async\" width=\"1024\" height=\"587\" data-id=\"17895\" src=\"https:\/\/www.talschule.schulnetz.hamm.de\/wordpress\/wp-content\/uploads\/2025\/04\/bf1f8a1c-13c3-4731-b72e-46558b7f266d-1024x587.jpg\" alt=\"\" class=\"wp-image-17895\" srcset=\"https:\/\/www.talschule.schulnetz.hamm.de\/wordpress\/wp-content\/uploads\/2025\/04\/bf1f8a1c-13c3-4731-b72e-46558b7f266d-1024x587.jpg 1024w, https:\/\/www.talschule.schulnetz.hamm.de\/wordpress\/wp-content\/uploads\/2025\/04\/bf1f8a1c-13c3-4731-b72e-46558b7f266d-300x172.jpg 300w, https:\/\/www.talschule.schulnetz.hamm.de\/wordpress\/wp-content\/uploads\/2025\/04\/bf1f8a1c-13c3-4731-b72e-46558b7f266d-768x440.jpg 768w, https:\/\/www.talschule.schulnetz.hamm.de\/wordpress\/wp-content\/uploads\/2025\/04\/bf1f8a1c-13c3-4731-b72e-46558b7f266d-1536x880.jpg 1536w, https:\/\/www.talschule.schulnetz.hamm.de\/wordpress\/wp-content\/uploads\/2025\/04\/bf1f8a1c-13c3-4731-b72e-46558b7f266d.jpg 1600w\" sizes=\"auto, (max-width: 1024px) 100vw, 1024px\" \/><\/figure>\n\n\n\n<figure class=\"wp-block-image size-large\"><img loading=\"lazy\" decoding=\"async\" width=\"768\" height=\"1024\" data-id=\"17900\" src=\"https:\/\/www.talschule.schulnetz.hamm.de\/wordpress\/wp-content\/uploads\/2025\/04\/c61b9b0c-a139-432a-801d-44fc2700c48f-768x1024.jpg\" alt=\"\" class=\"wp-image-17900\" srcset=\"https:\/\/www.talschule.schulnetz.hamm.de\/wordpress\/wp-content\/uploads\/2025\/04\/c61b9b0c-a139-432a-801d-44fc2700c48f-768x1024.jpg 768w, https:\/\/www.talschule.schulnetz.hamm.de\/wordpress\/wp-content\/uploads\/2025\/04\/c61b9b0c-a139-432a-801d-44fc2700c48f-225x300.jpg 225w, https:\/\/www.talschule.schulnetz.hamm.de\/wordpress\/wp-content\/uploads\/2025\/04\/c61b9b0c-a139-432a-801d-44fc2700c48f-1152x1536.jpg 1152w, https:\/\/www.talschule.schulnetz.hamm.de\/wordpress\/wp-content\/uploads\/2025\/04\/c61b9b0c-a139-432a-801d-44fc2700c48f.jpg 1200w\" sizes=\"auto, (max-width: 768px) 100vw, 768px\" \/><\/figure>\n\n\n\n<figure class=\"wp-block-image size-large\"><img loading=\"lazy\" decoding=\"async\" width=\"1024\" height=\"768\" data-id=\"17901\" src=\"https:\/\/www.talschule.schulnetz.hamm.de\/wordpress\/wp-content\/uploads\/2025\/04\/d780a634-1170-42d4-baea-ff1a2a889021-1024x768.jpg\" alt=\"\" class=\"wp-image-17901\" srcset=\"https:\/\/www.talschule.schulnetz.hamm.de\/wordpress\/wp-content\/uploads\/2025\/04\/d780a634-1170-42d4-baea-ff1a2a889021-1024x768.jpg 1024w, https:\/\/www.talschule.schulnetz.hamm.de\/wordpress\/wp-content\/uploads\/2025\/04\/d780a634-1170-42d4-baea-ff1a2a889021-300x225.jpg 300w, https:\/\/www.talschule.schulnetz.hamm.de\/wordpress\/wp-content\/uploads\/2025\/04\/d780a634-1170-42d4-baea-ff1a2a889021-768x576.jpg 768w, https:\/\/www.talschule.schulnetz.hamm.de\/wordpress\/wp-content\/uploads\/2025\/04\/d780a634-1170-42d4-baea-ff1a2a889021-1536x1152.jpg 1536w, https:\/\/www.talschule.schulnetz.hamm.de\/wordpress\/wp-content\/uploads\/2025\/04\/d780a634-1170-42d4-baea-ff1a2a889021.jpg 1600w\" sizes=\"auto, (max-width: 1024px) 100vw, 1024px\" \/><\/figure>\n\n\n\n<figure class=\"wp-block-image size-large\"><img loading=\"lazy\" decoding=\"async\" width=\"1024\" height=\"768\" data-id=\"17902\" src=\"https:\/\/www.talschule.schulnetz.hamm.de\/wordpress\/wp-content\/uploads\/2025\/04\/e501fbb1-f41d-439f-8837-51ed06c8bf72-1024x768.jpg\" alt=\"\" class=\"wp-image-17902\" srcset=\"https:\/\/www.talschule.schulnetz.hamm.de\/wordpress\/wp-content\/uploads\/2025\/04\/e501fbb1-f41d-439f-8837-51ed06c8bf72-1024x768.jpg 1024w, https:\/\/www.talschule.schulnetz.hamm.de\/wordpress\/wp-content\/uploads\/2025\/04\/e501fbb1-f41d-439f-8837-51ed06c8bf72-300x225.jpg 300w, https:\/\/www.talschule.schulnetz.hamm.de\/wordpress\/wp-content\/uploads\/2025\/04\/e501fbb1-f41d-439f-8837-51ed06c8bf72-768x576.jpg 768w, https:\/\/www.talschule.schulnetz.hamm.de\/wordpress\/wp-content\/uploads\/2025\/04\/e501fbb1-f41d-439f-8837-51ed06c8bf72-1536x1152.jpg 1536w, https:\/\/www.talschule.schulnetz.hamm.de\/wordpress\/wp-content\/uploads\/2025\/04\/e501fbb1-f41d-439f-8837-51ed06c8bf72.jpg 1600w\" sizes=\"auto, (max-width: 1024px) 100vw, 1024px\" \/><\/figure>\n<\/figure>\n","protected":false},"excerpt":{"rendered":"<p>&#8222;Unsere OGS ist ein Ort voller Freude, Spa\u00df und Gemeinschaft, an dem jedes Kind einen Platz findet.&#8220; Unsere Offene Ganztagsschule (OGS) ist ein lebendiger Ort, an dem Ihre Kinder nicht &#8230;<\/p>\n","protected":false},"author":8,"featured_media":0,"parent":15116,"menu_order":0,"comment_status":"closed","ping_status":"closed","template":"template-fullwidth.php","meta":{"footnotes":""},"class_list":["post-16486","page","type-page","status-publish","hentry"],"_links":{"self":[{"href":"https:\/\/www.talschule.schulnetz.hamm.de\/wordpress\/wp-json\/wp\/v2\/pages\/16486","targetHints":{"allow":["GET"]}}],"collection":[{"href":"https:\/\/www.talschule.schulnetz.hamm.de\/wordpress\/wp-json\/wp\/v2\/pages"}],"about":[{"href":"https:\/\/www.talschule.schulnetz.hamm.de\/wordpress\/wp-json\/wp\/v2\/types\/page"}],"author":[{"embeddable":true,"href":"https:\/\/www.talschule.schulnetz.hamm.de\/wordpress\/wp-json\/wp\/v2\/users\/8"}],"replies":[{"embeddable":true,"href":"https:\/\/www.talschule.schulnetz.hamm.de\/wordpress\/wp-json\/wp\/v2\/comments?post=16486"}],"version-history":[{"count":3,"href":"https:\/\/www.talschule.schulnetz.hamm.de\/wordpress\/wp-json\/wp\/v2\/pages\/16486\/revisions"}],"predecessor-version":[{"id":17950,"href":"https:\/\/www.talschule.schulnetz.hamm.de\/wordpress\/wp-json\/wp\/v2\/pages\/16486\/revisions\/17950"}],"up":[{"embeddable":true,"href":"https:\/\/www.talschule.schulnetz.hamm.de\/wordpress\/wp-json\/wp\/v2\/pages\/15116"}],"wp:attachment":[{"href":"https:\/\/www.talschule.schulnetz.hamm.de\/wordpress\/wp-json\/wp\/v2\/media?parent=16486"}],"curies":[{"name":"wp","href":"https:\/\/api.w.org\/{rel}","templated":true}]}}