{"id":16488,"date":"2023-10-13T19:50:20","date_gmt":"2023-10-13T17:50:20","guid":{"rendered":"https:\/\/www.talschule.schulnetz.hamm.de\/wordpress\/?page_id=16488"},"modified":"2025-04-01T19:43:09","modified_gmt":"2025-04-01T17:43:09","slug":"tagesablauf","status":"publish","type":"page","link":"https:\/\/www.talschule.schulnetz.hamm.de\/wordpress\/ogs\/tagesablauf\/","title":{"rendered":"Tagesablauf"},"content":{"rendered":"\n<figure class=\"wp-block-gallery has-nested-images columns-default is-cropped wp-block-gallery-1 is-layout-flex wp-block-gallery-is-layout-flex\"><\/figure>\n\n\n\n<p><\/p>\n\n\n\n<h2 class=\"wp-block-heading\">Hausaufgaben<\/h2>\n\n\n\n<p>Die Kinder k\u00f6nnen in der OGS ihre Hausaufgaben erledigen und k\u00f6nnen mit Unterst\u00fctzung selbst entscheiden, wann sie sie im Tagesverlauf machen m\u00f6chten. Betreut werden sie dabei von den p\u00e4dagogischen Fachkr\u00e4ften der OGS und Lehrkr\u00e4ften in den Klassenr\u00e4umen. <br>Die Hausaufgabenbetreuung stellt keine Nachhilfe dar und die Eltern stehen in der Verantwortung, die Hausaufgaben auf Richtigkeit zu kontrollieren.<\/p>\n\n\n\n<div style=\"height:40px\" aria-hidden=\"true\" class=\"wp-block-spacer\"><\/div>\n\n\n\n<h2 class=\"wp-block-heading\">Mittagessen<\/h2>\n\n\n\n<p>Das Mittagessen wird t\u00e4glich von der Firma &#8222;Stattk\u00fcche&#8220; geliefert und bietet den Kindern ein abwechlungreiches und nahrhaftes Angebot. Die Kinder k\u00f6nnen im Tagesverlauf mit Unterst\u00fctzung selbst entscheiden, wann sie in den R\u00e4umlichkeiten der OGS essen m\u00f6chten.<\/p>\n\n\n\n<div style=\"height:40px\" aria-hidden=\"true\" class=\"wp-block-spacer\"><\/div>\n\n\n\n<h2 class=\"wp-block-heading\">Spielm\u00f6glichkeiten und Arbeitsgemeinschaften<\/h2>\n\n\n\n<p>Die Kinder haben im gesamten Tagesverlauf verschiedene Spielm\u00f6glichkeiten in den R\u00e4umlichkeiten der OGS und bei guter Wetterlage auf dem Schulhof. Zudem bieten verschiedene Arbeitsgemeinschaften aus den Bereichen Kultur, Spiel und Sport wie beispielsweise die N\u00e4h-, Back- oder Schwimm-AG ein abwechslungsreiches Programm.<\/p>\n\n\n\n<p><\/p>\n","protected":false},"excerpt":{"rendered":"<p>Hausaufgaben Die Kinder k\u00f6nnen in der OGS ihre Hausaufgaben erledigen und k\u00f6nnen mit Unterst\u00fctzung selbst entscheiden, wann sie sie im Tagesverlauf machen m\u00f6chten. Betreut werden sie dabei von den p\u00e4dagogischen &#8230;<\/p>\n","protected":false},"author":8,"featured_media":0,"parent":15116,"menu_order":0,"comment_status":"closed","ping_status":"closed","template":"template-fullwidth.php","meta":{"footnotes":""},"class_list":["post-16488","page","type-page","status-publish","hentry"],"_links":{"self":[{"href":"https:\/\/www.talschule.schulnetz.hamm.de\/wordpress\/wp-json\/wp\/v2\/pages\/16488","targetHints":{"allow":["GET"]}}],"collection":[{"href":"https:\/\/www.talschule.schulnetz.hamm.de\/wordpress\/wp-json\/wp\/v2\/pages"}],"about":[{"href":"https:\/\/www.talschule.schulnetz.hamm.de\/wordpress\/wp-json\/wp\/v2\/types\/page"}],"author":[{"embeddable":true,"href":"https:\/\/www.talschule.schulnetz.hamm.de\/wordpress\/wp-json\/wp\/v2\/users\/8"}],"replies":[{"embeddable":true,"href":"https:\/\/www.talschule.schulnetz.hamm.de\/wordpress\/wp-json\/wp\/v2\/comments?post=16488"}],"version-history":[{"count":2,"href":"https:\/\/www.talschule.schulnetz.hamm.de\/wordpress\/wp-json\/wp\/v2\/pages\/16488\/revisions"}],"predecessor-version":[{"id":17945,"href":"https:\/\/www.talschule.schulnetz.hamm.de\/wordpress\/wp-json\/wp\/v2\/pages\/16488\/revisions\/17945"}],"up":[{"embeddable":true,"href":"https:\/\/www.talschule.schulnetz.hamm.de\/wordpress\/wp-json\/wp\/v2\/pages\/15116"}],"wp:attachment":[{"href":"https:\/\/www.talschule.schulnetz.hamm.de\/wordpress\/wp-json\/wp\/v2\/media?parent=16488"}],"curies":[{"name":"wp","href":"https:\/\/api.w.org\/{rel}","templated":true}]}}